{"id":2189,"date":"2017-06-01T09:36:10","date_gmt":"2017-06-01T15:36:10","guid":{"rendered":"http:\/\/www.fontur.gob.ve\/?page_id=2189"},"modified":"2017-06-02T14:19:12","modified_gmt":"2017-06-02T20:19:12","slug":"mision-y-vision","status":"publish","type":"page","link":"http:\/\/www.fontur.gob.ve\/?page_id=2189","title":{"rendered":"Misi\u00f3n y Visi\u00f3n"},"content":{"rendered":"<div class=\"su-accordion su-u-trim\">\n<div class=\"su-spoiler su-spoiler-style-fancy su-spoiler-icon-plus su-spoiler-closed\" data-scroll-offset=\"0\" data-anchor-in-url=\"no\"><div class=\"su-spoiler-title\" tabindex=\"0\" role=\"button\"><span class=\"su-spoiler-icon\"><\/span>Misi\u00f3n<\/div><div class=\"su-spoiler-content su-u-clearfix su-u-trim\">\n<p style=\"text-align: justify;\">Gerenciar con alto sentido de responsabilidad social, recursos financieros, t\u00e9cnicos y humanos, orientados a la promoci\u00f3n y ejecuci\u00f3n de planes, programas y servicios asociados al desarrollo del transporte p\u00fablico y la vialidad, en armon\u00eda con el medio ambiente y de acuerdo con las estrategias y pol\u00edticas establecidas por el Ejecutivo Nacional, con la finalidad de elevar la calidad de vida de la poblaci\u00f3n.<\/p>\n<\/div><\/div>\n<div class=\"su-spoiler su-spoiler-style-fancy su-spoiler-icon-plus su-spoiler-closed\" data-scroll-offset=\"0\" data-anchor-in-url=\"no\"><div class=\"su-spoiler-title\" tabindex=\"0\" role=\"button\"><span class=\"su-spoiler-icon\"><\/span>Visi\u00f3n<\/div><div class=\"su-spoiler-content su-u-clearfix su-u-trim\"> Ser una instituci\u00f3n modelo en la gerencia de recursos destinados al desarrollo de planes, programas y servicios en las \u00e1reas de transporte p\u00fablico y vialidad, con un elevado nivel de credibilidad ante la sociedad, contando para ello con talento humano y una tecnolog\u00eda de avanzada, para garantizar un servicio sostenible, sustentable, de alta calidad y en beneficio de las comunidades. <\/div><\/div>\n<\/div>\n","protected":false},"excerpt":{"rendered":"","protected":false},"author":5,"featured_media":0,"parent":0,"menu_order":0,"comment_status":"closed","ping_status":"closed","template":"","meta":{"ngg_post_thumbnail":0,"footnotes":""},"class_list":["post-2189","page","type-page","status-publish","hentry"],"_links":{"self":[{"href":"http:\/\/www.fontur.gob.ve\/index.php?rest_route=\/wp\/v2\/pages\/2189","targetHints":{"allow":["GET"]}}],"collection":[{"href":"http:\/\/www.fontur.gob.ve\/index.php?rest_route=\/wp\/v2\/pages"}],"about":[{"href":"http:\/\/www.fontur.gob.ve\/index.php?rest_route=\/wp\/v2\/types\/page"}],"author":[{"embeddable":true,"href":"http:\/\/www.fontur.gob.ve\/index.php?rest_route=\/wp\/v2\/users\/5"}],"replies":[{"embeddable":true,"href":"http:\/\/www.fontur.gob.ve\/index.php?rest_route=%2Fwp%2Fv2%2Fcomments&post=2189"}],"version-history":[{"count":15,"href":"http:\/\/www.fontur.gob.ve\/index.php?rest_route=\/wp\/v2\/pages\/2189\/revisions"}],"predecessor-version":[{"id":2389,"href":"http:\/\/www.fontur.gob.ve\/index.php?rest_route=\/wp\/v2\/pages\/2189\/revisions\/2389"}],"wp:attachment":[{"href":"http:\/\/www.fontur.gob.ve\/index.php?rest_route=%2Fwp%2Fv2%2Fmedia&parent=2189"}],"curies":[{"name":"wp","href":"https:\/\/api.w.org\/{rel}","templated":true}]}}