{"id":2180,"date":"2017-06-01T09:20:52","date_gmt":"2017-06-01T15:20:52","guid":{"rendered":"http:\/\/www.fontur.gob.ve\/?page_id=2180"},"modified":"2025-08-01T06:54:40","modified_gmt":"2025-08-01T12:54:40","slug":"base-legal","status":"publish","type":"page","link":"http:\/\/www.fontur.gob.ve\/?page_id=2180","title":{"rendered":"Base Legal"},"content":{"rendered":"<div class=\"content-inner\" dir=\"auto\">\n<div class=\"text-content clearfix with-meta\" dir=\"auto\" style=\"text-align: justify;\"><div class=\"eds-animate edsanimate-sis-hidden \" data-eds-entry-animation=\"bounceIn\" data-eds-entry-delay=\"0.5\" data-eds-entry-duration=\"0.5\" data-eds-entry-timing=\"linear\" data-eds-exit-animation=\"\" data-eds-exit-delay=\"\" data-eds-exit-duration=\"\" data-eds-exit-timing=\"\" data-eds-repeat-count=\"1\" data-eds-keep=\"yes\" data-eds-animate-on=\"load\" data-eds-scroll-offset=\"\">La FUNDACI\u00d3N FONDO NACIONAL DE TRANSPORTE URBANO (FONTUR) es una Fundaci\u00f3n sin fines de lucro, constituida y domiciliada en la ciudad de Caracas, ordenada su creaci\u00f3n mediante Decreto N\u00ba. 1.827, de fecha 5 de septiembre de 1991, publicado en Gaceta Oficial de Venezuela N\u00ba. 34.808, de fecha 27 de septiembre de 1991, debidamente inscrita su Acta Constitutiva y Estatutos Sociales por ante la Oficina Subalterna del Primer Circuito de Registro del Municipio Libertador del Distrito Federal, en fecha 30 de diciembre de 1991, bajo el N\u00ba. 38, Tomo 48 del Protocolo Primero.<br \/>\nLos Estatutos Sociales de FONTUR han sido modificados en varias oportunidades, habiendo reformado y refundido sus Estatutos Sociales en un solo texto e inscritos por ante la misma Oficina de Registro ut supra se\u00f1alada en fecha 18 de enero de 2002, bajo el N\u00ba. 50, Tomo 4, Protocolo Primero, publicada en la Gaceta Oficial de la Rep\u00fablica Bolivariana de Venezuela N\u00ba. 37.435 de fecha 03 de mayo de 2002, siendo su \u00faltima modificaci\u00f3n estatutaria inscrita ante el Registro P\u00fablico del Primer Circuito Municipio Libertador, Distrito Capital, en fecha 25 de junio de 2014, bajo el N\u00ba. 38, folio 190, del Tomo 15, del Protocolo de Transcripci\u00f3n del a\u00f1o 2014.<br \/>\nActualmente, FONTUR est\u00e1 adscrita al Ministerio del Poder Popular para el Transporte seg\u00fan consta en el Decreto Presidencial N\u00ba. 8.559, de fecha 01 de noviembre del a\u00f1o 2011, publicado en Gaceta Oficial de la Rep\u00fablica Bolivariana de Venezuela N\u00b0. 39.791 de fecha 02 de noviembre del a\u00f1o 2011.<\/div><\/div>\n<\/div>\n","protected":false},"excerpt":{"rendered":"<p>La FUNDACI\u00d3N FONDO NACIONAL DE TRANSPORTE URBANO (FONTUR) es una Fundaci\u00f3n sin fines de lucro, constituida y domiciliada en la ciudad de Caracas, ordenada su creaci\u00f3n mediante Decreto N\u00ba. 1.827, <a class=\"more-link\" href=\"http:\/\/www.fontur.gob.ve\/?page_id=2180\">Leer M\u00e1s \u2192<\/a><\/p>\n","protected":false},"author":5,"featured_media":0,"parent":0,"menu_order":0,"comment_status":"closed","ping_status":"closed","template":"","meta":{"ngg_post_thumbnail":0,"footnotes":""},"class_list":["post-2180","page","type-page","status-publish","hentry"],"_links":{"self":[{"href":"http:\/\/www.fontur.gob.ve\/index.php?rest_route=\/wp\/v2\/pages\/2180","targetHints":{"allow":["GET"]}}],"collection":[{"href":"http:\/\/www.fontur.gob.ve\/index.php?rest_route=\/wp\/v2\/pages"}],"about":[{"href":"http:\/\/www.fontur.gob.ve\/index.php?rest_route=\/wp\/v2\/types\/page"}],"author":[{"embeddable":true,"href":"http:\/\/www.fontur.gob.ve\/index.php?rest_route=\/wp\/v2\/users\/5"}],"replies":[{"embeddable":true,"href":"http:\/\/www.fontur.gob.ve\/index.php?rest_route=%2Fwp%2Fv2%2Fcomments&post=2180"}],"version-history":[{"count":10,"href":"http:\/\/www.fontur.gob.ve\/index.php?rest_route=\/wp\/v2\/pages\/2180\/revisions"}],"predecessor-version":[{"id":15469,"href":"http:\/\/www.fontur.gob.ve\/index.php?rest_route=\/wp\/v2\/pages\/2180\/revisions\/15469"}],"wp:attachment":[{"href":"http:\/\/www.fontur.gob.ve\/index.php?rest_route=%2Fwp%2Fv2%2Fmedia&parent=2180"}],"curies":[{"name":"wp","href":"https:\/\/api.w.org\/{rel}","templated":true}]}}