{"id":2178,"date":"2017-06-01T09:10:17","date_gmt":"2017-06-01T15:10:17","guid":{"rendered":"http:\/\/www.fontur.gob.ve\/?page_id=2178"},"modified":"2025-08-01T06:54:09","modified_gmt":"2025-08-01T12:54:09","slug":"la-institucion","status":"publish","type":"page","link":"http:\/\/www.fontur.gob.ve\/?page_id=2178","title":{"rendered":"Filosof\u00eda de Gesti\u00f3n"},"content":{"rendered":"<p style=\"text-align: justify;\"><div class=\"eds-animate edsanimate-sis-hidden \" data-eds-entry-animation=\"bounceInDown\" data-eds-entry-delay=\"0.5\" data-eds-entry-duration=\"0.5\" data-eds-entry-timing=\"linear\" data-eds-exit-animation=\"\" data-eds-exit-delay=\"\" data-eds-exit-duration=\"\" data-eds-exit-timing=\"\" data-eds-repeat-count=\"1\" data-eds-keep=\"yes\" data-eds-animate-on=\"load\" data-eds-scroll-offset=\"\">\n<p style=\"text-align: justify;\">La Fundaci\u00f3n Fondo Nacional de Transporte Urbano FONTUR fue creada por Gaceta Oficial de la Rep\u00fablica Bolivariana de Venezuela bajo el Nro. 34.808, publicada el 27 de septiembre de 1991, seg\u00fan Decreto N\u00b0 1.827 se fecha 5 de septiembre del mismo a\u00f1o.<br \/>\nLos Estatutos Sociales de FONTUR han sido modificados en varias oportunidades, siendo su \u00faltima modificaci\u00f3n estatutaria inscrita ante el Registro P\u00fablico del Primer Circuito Municipio Libertador Distrito Capital, en fecha 25 de junio de 2014, bajo el N\u00b0. 38 folio 190 Tomo 15, del Protocolo de Transcripci\u00f3n del a\u00f1o 2014.<br \/>\nActualmente, la Fundaci\u00f3n Fondo Nacional de Transporte Urbano FONTUR est\u00e1 adscrita al Ministerio del Poder Popular para el Transporte, como un ente descentralizado sin fines empresariales.<\/p>\n<p>&nbsp;<\/p>\n<p style=\"text-align: justify;\"><\/div>\n<p>&nbsp;<\/p>\n<p>&nbsp;<\/p>\n","protected":false},"excerpt":{"rendered":"<p>La Fundaci\u00f3n Fondo Nacional de Transporte Urbano FONTUR fue creada por Gaceta Oficial de la Rep\u00fablica Bolivariana de Venezuela bajo el Nro. 34.808, publicada el 27 de septiembre de 1991, <a class=\"more-link\" href=\"http:\/\/www.fontur.gob.ve\/?page_id=2178\">Leer M\u00e1s \u2192<\/a><\/p>\n","protected":false},"author":5,"featured_media":0,"parent":0,"menu_order":0,"comment_status":"closed","ping_status":"closed","template":"","meta":{"ngg_post_thumbnail":0,"footnotes":""},"class_list":["post-2178","page","type-page","status-publish","hentry"],"_links":{"self":[{"href":"http:\/\/www.fontur.gob.ve\/index.php?rest_route=\/wp\/v2\/pages\/2178","targetHints":{"allow":["GET"]}}],"collection":[{"href":"http:\/\/www.fontur.gob.ve\/index.php?rest_route=\/wp\/v2\/pages"}],"about":[{"href":"http:\/\/www.fontur.gob.ve\/index.php?rest_route=\/wp\/v2\/types\/page"}],"author":[{"embeddable":true,"href":"http:\/\/www.fontur.gob.ve\/index.php?rest_route=\/wp\/v2\/users\/5"}],"replies":[{"embeddable":true,"href":"http:\/\/www.fontur.gob.ve\/index.php?rest_route=%2Fwp%2Fv2%2Fcomments&post=2178"}],"version-history":[{"count":10,"href":"http:\/\/www.fontur.gob.ve\/index.php?rest_route=\/wp\/v2\/pages\/2178\/revisions"}],"predecessor-version":[{"id":15468,"href":"http:\/\/www.fontur.gob.ve\/index.php?rest_route=\/wp\/v2\/pages\/2178\/revisions\/15468"}],"wp:attachment":[{"href":"http:\/\/www.fontur.gob.ve\/index.php?rest_route=%2Fwp%2Fv2%2Fmedia&parent=2178"}],"curies":[{"name":"wp","href":"https:\/\/api.w.org\/{rel}","templated":true}]}}