{"id":2175,"date":"2017-06-01T08:59:30","date_gmt":"2017-06-01T14:59:30","guid":{"rendered":"http:\/\/www.fontur.gob.ve\/?page_id=2175"},"modified":"2017-06-05T12:35:37","modified_gmt":"2017-06-05T18:35:37","slug":"red-nacional-de-proveedurias-de-insumos-y-repuestos-a-nivel-nacional","status":"publish","type":"page","link":"http:\/\/www.fontur.gob.ve\/?page_id=2175","title":{"rendered":"Red Nacional de Proveedur\u00edas de Insumos y Repuestos a Nivel Nacional"},"content":{"rendered":"<h2><strong><div class=\"eds-animate  \" data-eds-entry-animation=\"shake\" data-eds-entry-delay=\"0\" data-eds-entry-duration=\"1.5\" data-eds-entry-timing=\"linear\" data-eds-exit-animation=\"\" data-eds-exit-delay=\"\" data-eds-exit-duration=\"\" data-eds-exit-timing=\"\" data-eds-repeat-count=\"1\" data-eds-keep=\"yes\" data-eds-animate-on=\"load\" data-eds-scroll-offset=\"\"><span style=\"color: #12a19a;\">Objetivo<\/span><\/div><\/strong><\/h2>\n<h4 style=\"text-align: justify;\"><div class=\"eds-animate  \" data-eds-entry-animation=\"pulse\" data-eds-entry-delay=\"0.5\" data-eds-entry-duration=\"7.0\" data-eds-entry-timing=\"linear\" data-eds-exit-animation=\"\" data-eds-exit-delay=\"\" data-eds-exit-duration=\"\" data-eds-exit-timing=\"\" data-eds-repeat-count=\"1\" data-eds-keep=\"yes\" data-eds-animate-on=\"load\" data-eds-scroll-offset=\"\">Articular una red de producci\u00f3n, distribuci\u00f3n y comercializaci\u00f3n&nbsp; de insumos y repuestos para el&nbsp; transporte p\u00fablico, a precios por debajo de los que fija la din\u00e1mica especulativa del mercado, contribuyendo as\u00ed con la econom\u00eda de los transportistas y el mantenimiento y operaci\u00f3n de sus unidades de transporte.<\/div><\/h4>\n","protected":false},"excerpt":{"rendered":"<p>Objetivo Articular una red de producci\u00f3n, distribuci\u00f3n y comercializaci\u00f3n&nbsp; de insumos y repuestos para el&nbsp; transporte p\u00fablico, a precios por debajo de los que fija la din\u00e1mica especulativa del mercado, <a class=\"more-link\" href=\"http:\/\/www.fontur.gob.ve\/?page_id=2175\">Leer M\u00e1s \u2192<\/a><\/p>\n","protected":false},"author":5,"featured_media":0,"parent":0,"menu_order":0,"comment_status":"closed","ping_status":"closed","template":"","meta":{"ngg_post_thumbnail":0,"footnotes":""},"class_list":["post-2175","page","type-page","status-publish","hentry"],"_links":{"self":[{"href":"http:\/\/www.fontur.gob.ve\/index.php?rest_route=\/wp\/v2\/pages\/2175","targetHints":{"allow":["GET"]}}],"collection":[{"href":"http:\/\/www.fontur.gob.ve\/index.php?rest_route=\/wp\/v2\/pages"}],"about":[{"href":"http:\/\/www.fontur.gob.ve\/index.php?rest_route=\/wp\/v2\/types\/page"}],"author":[{"embeddable":true,"href":"http:\/\/www.fontur.gob.ve\/index.php?rest_route=\/wp\/v2\/users\/5"}],"replies":[{"embeddable":true,"href":"http:\/\/www.fontur.gob.ve\/index.php?rest_route=%2Fwp%2Fv2%2Fcomments&post=2175"}],"version-history":[{"count":4,"href":"http:\/\/www.fontur.gob.ve\/index.php?rest_route=\/wp\/v2\/pages\/2175\/revisions"}],"predecessor-version":[{"id":2668,"href":"http:\/\/www.fontur.gob.ve\/index.php?rest_route=\/wp\/v2\/pages\/2175\/revisions\/2668"}],"wp:attachment":[{"href":"http:\/\/www.fontur.gob.ve\/index.php?rest_route=%2Fwp%2Fv2%2Fmedia&parent=2175"}],"curies":[{"name":"wp","href":"https:\/\/api.w.org\/{rel}","templated":true}]}}