{"id":14345,"date":"2024-12-13T10:34:09","date_gmt":"2024-12-13T16:34:09","guid":{"rendered":"http:\/\/www.fontur.gob.ve\/?page_id=14345"},"modified":"2024-12-13T10:39:40","modified_gmt":"2024-12-13T16:39:40","slug":"boletines-rutas-de-conocimiento","status":"publish","type":"page","link":"http:\/\/www.fontur.gob.ve\/?page_id=14345","title":{"rendered":"Boletines Rutas de Conocimiento"},"content":{"rendered":"<div class='w3eden'><!-- WPDM Link Template: Default Template -->\n\n<div class=\"link-template-default card mb-2\">\n    <div class=\"card-body\">\n        <div class=\"media\">\n            <div class=\"mr-3 img-48\"><img decoding=\"async\" class=\"wpdm_icon\" alt=\"Icono\" src=\"http:\/\/www.fontur.gob.ve\/wp-content\/plugins\/download-manager\/assets\/file-type-icons\/pdf.svg\" \/><\/div>\n            <div class=\"media-body\">\n                <h3 class=\"package-title\"><a href='http:\/\/www.fontur.gob.ve\/?wpdmpro=boletin-de-investigacion-y-transporte-edicion-n1-septiembre-2024'>BOLET\u00cdN DE INVESTIGACI\u00d3N Y TRANSPORTE EDICI\u00d3N N\u00b01 \u2013 SEPTIEMBRE 2024<\/a><\/h3>\n                <div class=\"text-muted text-small\"><i class=\"fas fa-copy\"><\/i> 1 archivo(s) <i class=\"fas fa-hdd ml-3\"><\/i> 14.58 MB<\/div>\n            <\/div>\n            <div class=\"ml-3\">\n                <a class='wpdm-download-link download-on-click btn btn-primary ' rel='nofollow' href='#' data-downloadurl=\"http:\/\/www.fontur.gob.ve\/?wpdmpro=boletin-de-investigacion-y-transporte-edicion-n1-septiembre-2024&wpdmdl=14347&refresh=69dbd6689b24c1776014952\">Descargar PDF<\/a>\n            <\/div>\n        <\/div>\n    <\/div>\n<\/div>\n\n<\/div>\n<div class='w3eden'><!-- WPDM Link Template: Default Template -->\n\n<div class=\"link-template-default card mb-2\">\n    <div class=\"card-body\">\n        <div class=\"media\">\n            <div class=\"mr-3 img-48\"><img decoding=\"async\" class=\"wpdm_icon\" alt=\"Icono\" src=\"http:\/\/www.fontur.gob.ve\/wp-content\/plugins\/download-manager\/assets\/file-type-icons\/pdf.svg\" \/><\/div>\n            <div class=\"media-body\">\n                <h3 class=\"package-title\"><a href='http:\/\/www.fontur.gob.ve\/?wpdmpro=boletin-de-investigacion-y-transporte-edicion-n2-octubre-2024'>BOLET\u00cdN DE INVESTIGACI\u00d3N Y TRANSPORTE EDICI\u00d3N N\u00b02 \u2013 OCTUBRE 2024<\/a><\/h3>\n                <div class=\"text-muted text-small\"><i class=\"fas fa-copy\"><\/i> 1 archivo(s) <i class=\"fas fa-hdd ml-3\"><\/i> 11.77 MB<\/div>\n            <\/div>\n            <div class=\"ml-3\">\n                <a class='wpdm-download-link download-on-click btn btn-primary ' rel='nofollow' href='#' data-downloadurl=\"http:\/\/www.fontur.gob.ve\/?wpdmpro=boletin-de-investigacion-y-transporte-edicion-n2-octubre-2024&wpdmdl=14348&refresh=69dbd668a6cb81776014952\">Descargar PDF<\/a>\n            <\/div>\n        <\/div>\n    <\/div>\n<\/div>\n\n<\/div>\n","protected":false},"excerpt":{"rendered":"","protected":false},"author":5,"featured_media":0,"parent":0,"menu_order":0,"comment_status":"closed","ping_status":"closed","template":"","meta":{"ngg_post_thumbnail":0,"footnotes":""},"class_list":["post-14345","page","type-page","status-publish","hentry"],"_links":{"self":[{"href":"http:\/\/www.fontur.gob.ve\/index.php?rest_route=\/wp\/v2\/pages\/14345","targetHints":{"allow":["GET"]}}],"collection":[{"href":"http:\/\/www.fontur.gob.ve\/index.php?rest_route=\/wp\/v2\/pages"}],"about":[{"href":"http:\/\/www.fontur.gob.ve\/index.php?rest_route=\/wp\/v2\/types\/page"}],"author":[{"embeddable":true,"href":"http:\/\/www.fontur.gob.ve\/index.php?rest_route=\/wp\/v2\/users\/5"}],"replies":[{"embeddable":true,"href":"http:\/\/www.fontur.gob.ve\/index.php?rest_route=%2Fwp%2Fv2%2Fcomments&post=14345"}],"version-history":[{"count":2,"href":"http:\/\/www.fontur.gob.ve\/index.php?rest_route=\/wp\/v2\/pages\/14345\/revisions"}],"predecessor-version":[{"id":14351,"href":"http:\/\/www.fontur.gob.ve\/index.php?rest_route=\/wp\/v2\/pages\/14345\/revisions\/14351"}],"wp:attachment":[{"href":"http:\/\/www.fontur.gob.ve\/index.php?rest_route=%2Fwp%2Fv2%2Fmedia&parent=14345"}],"curies":[{"name":"wp","href":"https:\/\/api.w.org\/{rel}","templated":true}]}}